{"id":18080,"date":"2024-01-23T11:14:33","date_gmt":"2024-01-23T16:14:33","guid":{"rendered":"https:\/\/alphafamilyfitness.com\/?page_id=18080"},"modified":"2024-09-17T22:08:18","modified_gmt":"2024-09-17T22:08:18","slug":"blog","status":"publish","type":"page","link":"https:\/\/alphafamilyfitness.com\/es\/blog\/","title":{"rendered":"Blog"},"content":{"rendered":"<div data-elementor-type=\"wp-page\" data-elementor-id=\"18080\" class=\"elementor elementor-18080\" data-elementor-post-type=\"page\">\n\t\t\t\t\t\t<section class=\"elementor-section elementor-top-section elementor-element elementor-element-2a2adcf elementor-section-boxed elementor-section-height-default elementor-section-height-default\" data-id=\"2a2adcf\" data-element_type=\"section\" data-settings=\"{&quot;background_background&quot;:&quot;classic&quot;}\">\n\t\t\t\t\t\t\t<div class=\"elementor-background-overlay\"><\/div>\n\t\t\t\t\t\t\t<div class=\"elementor-container elementor-column-gap-default\">\n\t\t\t\t\t<div class=\"elementor-column elementor-col-100 elementor-top-column elementor-element elementor-element-2322f31\" data-id=\"2322f31\" data-element_type=\"column\">\n\t\t\t<div class=\"elementor-widget-wrap elementor-element-populated\">\n\t\t\t\t\t\t<div class=\"elementor-element elementor-element-81505fd elementor-widget elementor-widget-heading\" data-id=\"81505fd\" data-element_type=\"widget\" data-widget_type=\"heading.default\">\n\t\t\t\t<div class=\"elementor-widget-container\">\n\t\t\t\t\t<h2 class=\"elementor-heading-title elementor-size-default\">BLOG<\/h2>\t\t\t\t<\/div>\n\t\t\t\t<\/div>\n\t\t\t\t\t<\/div>\n\t\t<\/div>\n\t\t\t\t\t<\/div>\n\t\t<\/section>\n\t\t\t\t<section class=\"elementor-section elementor-top-section elementor-element elementor-element-e66694b elementor-section-boxed elementor-section-height-default elementor-section-height-default\" data-id=\"e66694b\" data-element_type=\"section\">\n\t\t\t\t\t\t<div class=\"elementor-container elementor-column-gap-default\">\n\t\t\t\t\t<div class=\"elementor-column elementor-col-100 elementor-top-column elementor-element elementor-element-64cd0a0\" data-id=\"64cd0a0\" data-element_type=\"column\">\n\t\t\t<div class=\"elementor-widget-wrap elementor-element-populated\">\n\t\t\t\t\t\t<div class=\"elementor-element elementor-element-cf973fd elementor-grid-2 elementor-grid-tablet-2 elementor-grid-mobile-1 elementor-posts--thumbnail-top elementor-posts--show-avatar elementor-card-shadow-yes elementor-posts__hover-gradient elementor-widget elementor-widget-posts\" data-id=\"cf973fd\" data-element_type=\"widget\" data-settings=\"{&quot;cards_columns&quot;:&quot;2&quot;,&quot;cards_columns_tablet&quot;:&quot;2&quot;,&quot;cards_columns_mobile&quot;:&quot;1&quot;,&quot;cards_row_gap&quot;:{&quot;unit&quot;:&quot;px&quot;,&quot;size&quot;:35,&quot;sizes&quot;:[]},&quot;cards_row_gap_tablet&quot;:{&quot;unit&quot;:&quot;px&quot;,&quot;size&quot;:&quot;&quot;,&quot;sizes&quot;:[]},&quot;cards_row_gap_mobile&quot;:{&quot;unit&quot;:&quot;px&quot;,&quot;size&quot;:&quot;&quot;,&quot;sizes&quot;:[]}}\" data-widget_type=\"posts.cards\">\n\t\t\t\t<div class=\"elementor-widget-container\">\n\t\t\t\t\t\t\t<div class=\"elementor-posts-container elementor-posts elementor-posts--skin-cards elementor-grid\" role=\"list\">\n\t\t\t\t<article class=\"elementor-post elementor-grid-item post-18127 post type-post status-publish format-standard hentry category-uncategorized\" role=\"listitem\">\n\t\t\t<div class=\"elementor-post__card\">\n\t\t\t\t<div class=\"elementor-post__text\">\n\t\t\t\t<h3 class=\"elementor-post__title\">\n\t\t\t<a href=\"https:\/\/alphafamilyfitness.com\/es\/minimizing-muscle-fatigue\/\" >\n\t\t\t\tMinimizar la fatiga muscular\t\t\t<\/a>\n\t\t<\/h3>\n\t\t\t\t<div class=\"elementor-post__excerpt\">\n\t\t\t<p>\u00bfAlguna vez has llegado al gimnasio y has sentido que tus m\u00fasculos se rindieron antes que t\u00fa? La fatiga muscular es, obviamente, parte del proceso, pero hasta cierto punto podemos dise\u00f1ar estrategias para reducirla y as\u00ed poder hacer m\u00e1s repeticiones, levantar cargas m\u00e1s pesadas y desarrollar mucha fuerza en el gimnasio. Si lo hacemos bien, podemos optimizar esa hora en el gimnasio y sacarle el m\u00e1ximo provecho.<\/p>\n\t\t<\/div>\n\t\t\n\t\t<a class=\"elementor-post__read-more\" href=\"https:\/\/alphafamilyfitness.com\/es\/minimizing-muscle-fatigue\/\" aria-label=\"Read more about Minimizing Muscle Fatigue\" tabindex=\"-1\" >\n\t\t\tRead More \u00bb\t\t<\/a>\n\n\t\t\t\t<\/div>\n\t\t\t\t\t<\/div>\n\t\t<\/article>\n\t\t\t\t<article class=\"elementor-post elementor-grid-item post-18093 post type-post status-publish format-standard hentry category-uncategorized\" role=\"listitem\">\n\t\t\t<div class=\"elementor-post__card\">\n\t\t\t\t<div class=\"elementor-post__text\">\n\t\t\t\t<h3 class=\"elementor-post__title\">\n\t\t\t<a href=\"https:\/\/alphafamilyfitness.com\/es\/is-stretching-necessary\/\" >\n\t\t\t\t\u00bfEs necesario el estiramiento?\t\t\t<\/a>\n\t\t<\/h3>\n\t\t\t\t<div class=\"elementor-post__excerpt\">\n\t\t\t<p>El estiramiento ha sido un tema controvertido y parece ser una de las cosas m\u00e1s aleatorias e inconsistentes que se ven en el gimnasio, as\u00ed que me gustar\u00eda compartir algunas consideraciones si lo usas como parte de tus calentamientos o enfriamientos. \u00bfDeber\u00edas estirar? El estiramiento es beneficioso para los grupos musculares hiperactivos. Los grupos musculares hiperactivos se excitan un poco m\u00e1s que su grupo muscular opuesto, y<\/p>\n\t\t<\/div>\n\t\t\n\t\t<a class=\"elementor-post__read-more\" href=\"https:\/\/alphafamilyfitness.com\/es\/is-stretching-necessary\/\" aria-label=\"Read more about Is Stretching Necessary?\" tabindex=\"-1\" >\n\t\t\tRead More \u00bb\t\t<\/a>\n\n\t\t\t\t<\/div>\n\t\t\t\t\t<\/div>\n\t\t<\/article>\n\t\t\t\t<\/div>\n\t\t\n\t\t\t\t\t\t<\/div>\n\t\t\t\t<\/div>\n\t\t\t\t\t<\/div>\n\t\t<\/div>\n\t\t\t\t\t<\/div>\n\t\t<\/section>\n\t\t\t\t<\/div>","protected":false},"excerpt":{"rendered":"<p>BLOG<\/p>","protected":false},"author":1,"featured_media":0,"parent":0,"menu_order":0,"comment_status":"closed","ping_status":"closed","template":"","meta":{"om_disable_all_campaigns":false,"_monsterinsights_skip_tracking":false,"_monsterinsights_sitenote_active":false,"_monsterinsights_sitenote_note":"","_monsterinsights_sitenote_category":0,"site-sidebar-layout":"no-sidebar","site-content-layout":"page-builder","ast-site-content-layout":"default","site-content-style":"default","site-sidebar-style":"default","ast-global-header-display":"","ast-banner-title-visibility":"","ast-main-header-display":"","ast-hfb-above-header-display":"","ast-hfb-below-header-display":"","ast-hfb-mobile-header-display":"","site-post-title":"disabled","ast-breadcrumbs-content":"","ast-featured-img":"disabled","footer-sml-layout":"","theme-transparent-header-meta":"default","adv-header-id-meta":"","stick-header-meta":"","header-above-stick-meta":"","header-main-stick-meta":"","header-below-stick-meta":"","astra-migrate-meta-layouts":"default","ast-page-background-enabled":"default","ast-page-background-meta":{"desktop":{"background-color":"var(--ast-global-color-4)","background-image":"","background-repeat":"repeat","background-position":"center center","background-size":"auto","background-attachment":"scroll","background-type":"","background-media":"","overlay-type":"","overlay-color":"","overlay-opacity":"","overlay-gradient":""},"tablet":{"background-color":"","background-image":"","background-repeat":"repeat","background-position":"center center","background-size":"auto","background-attachment":"scroll","background-type":"","background-media":"","overlay-type":"","overlay-color":"","overlay-opacity":"","overlay-gradient":""},"mobile":{"background-color":"","background-image":"","background-repeat":"repeat","background-position":"center center","background-size":"auto","background-attachment":"scroll","background-type":"","background-media":"","overlay-type":"","overlay-color":"","overlay-opacity":"","overlay-gradient":""}},"ast-content-background-meta":{"desktop":{"background-color":"var(--ast-global-color-5)","background-image":"","background-repeat":"repeat","background-position":"center center","background-size":"auto","background-attachment":"scroll","background-type":"","background-media":"","overlay-type":"","overlay-color":"","overlay-opacity":"","overlay-gradient":""},"tablet":{"background-color":"var(--ast-global-color-5)","background-image":"","background-repeat":"repeat","background-position":"center center","background-size":"auto","background-attachment":"scroll","background-type":"","background-media":"","overlay-type":"","overlay-color":"","overlay-opacity":"","overlay-gradient":""},"mobile":{"background-color":"var(--ast-global-color-5)","background-image":"","background-repeat":"repeat","background-position":"center center","background-size":"auto","background-attachment":"scroll","background-type":"","background-media":"","overlay-type":"","overlay-color":"","overlay-opacity":"","overlay-gradient":""}},"footnotes":""},"class_list":["post-18080","page","type-page","status-publish","hentry"],"yoast_head":"<!-- This site is optimized with the Yoast SEO plugin v26.8 - https:\/\/yoast.com\/product\/yoast-seo-wordpress\/ -->\n<title>Blog - Alpha Family Fitness in Wylie in Wylie<\/title>\n<meta name=\"description\" content=\"Memberships available for \u200bBoxing , \u200bStrength &amp; Conditioning, Personal Training and Family\/Group Classes. For details, Call: (214) 755-2574\" \/>\n<meta name=\"robots\" content=\"index, follow, max-snippet:-1, max-image-preview:large, max-video-preview:-1\" \/>\n<link rel=\"canonical\" href=\"https:\/\/alphafamilyfitness.com\/es\/blog\/\" \/>\n<meta property=\"og:locale\" content=\"es_MX\" \/>\n<meta property=\"og:type\" content=\"article\" \/>\n<meta property=\"og:title\" content=\"Blog - Alpha Family Fitness in Wylie in Wylie\" \/>\n<meta property=\"og:description\" content=\"Memberships available for \u200bBoxing , \u200bStrength &amp; Conditioning, Personal Training and Family\/Group Classes. For details, Call: (214) 755-2574\" \/>\n<meta property=\"og:url\" content=\"https:\/\/alphafamilyfitness.com\/es\/blog\/\" \/>\n<meta property=\"og:site_name\" content=\"Alpha Family Fitness in Wylie\" \/>\n<meta property=\"article:modified_time\" content=\"2024-09-17T22:08:18+00:00\" \/>\n<meta name=\"twitter:card\" content=\"summary_large_image\" \/>\n<meta name=\"twitter:label1\" content=\"Tiempo de lectura\" \/>\n\t<meta name=\"twitter:data1\" content=\"1 minuto\" \/>\n<script type=\"application\/ld+json\" class=\"yoast-schema-graph\">{\"@context\":\"https:\/\/schema.org\",\"@graph\":[{\"@type\":\"WebPage\",\"@id\":\"https:\/\/alphafamilyfitness.com\/blog\/\",\"url\":\"https:\/\/alphafamilyfitness.com\/blog\/\",\"name\":\"Blog - Alpha Family Fitness in Wylie in Wylie\",\"isPartOf\":{\"@id\":\"https:\/\/alphafamilyfitness.com\/#website\"},\"datePublished\":\"2024-01-23T16:14:33+00:00\",\"dateModified\":\"2024-09-17T22:08:18+00:00\",\"description\":\"Memberships available for \u200bBoxing , \u200bStrength & Conditioning, Personal Training and Family\/Group Classes. For details, Call: (214) 755-2574\",\"breadcrumb\":{\"@id\":\"https:\/\/alphafamilyfitness.com\/blog\/#breadcrumb\"},\"inLanguage\":\"es\",\"potentialAction\":[{\"@type\":\"ReadAction\",\"target\":[\"https:\/\/alphafamilyfitness.com\/blog\/\"]}]},{\"@type\":\"BreadcrumbList\",\"@id\":\"https:\/\/alphafamilyfitness.com\/blog\/#breadcrumb\",\"itemListElement\":[{\"@type\":\"ListItem\",\"position\":1,\"name\":\"Home\",\"item\":\"https:\/\/alphafamilyfitness.com\/\"},{\"@type\":\"ListItem\",\"position\":2,\"name\":\"Blog\"}]},{\"@type\":\"WebSite\",\"@id\":\"https:\/\/alphafamilyfitness.com\/#website\",\"url\":\"https:\/\/alphafamilyfitness.com\/\",\"name\":\"Alpha Family Fitness in Wylie\",\"description\":\"\",\"publisher\":{\"@id\":\"https:\/\/alphafamilyfitness.com\/#organization\"},\"potentialAction\":[{\"@type\":\"SearchAction\",\"target\":{\"@type\":\"EntryPoint\",\"urlTemplate\":\"https:\/\/alphafamilyfitness.com\/?s={search_term_string}\"},\"query-input\":{\"@type\":\"PropertyValueSpecification\",\"valueRequired\":true,\"valueName\":\"search_term_string\"}}],\"inLanguage\":\"es\"},{\"@type\":\"Organization\",\"@id\":\"https:\/\/alphafamilyfitness.com\/#organization\",\"name\":\"Alpha Family Fitness in Wylie\",\"url\":\"https:\/\/alphafamilyfitness.com\/\",\"logo\":{\"@type\":\"ImageObject\",\"inLanguage\":\"es\",\"@id\":\"https:\/\/alphafamilyfitness.com\/#\/schema\/logo\/image\/\",\"url\":\"https:\/\/alphafamilyfitness.com\/wp-content\/uploads\/2024\/08\/cropped-alpha-family-fitness-logo-cropped.png\",\"contentUrl\":\"https:\/\/alphafamilyfitness.com\/wp-content\/uploads\/2024\/08\/cropped-alpha-family-fitness-logo-cropped.png\",\"width\":303,\"height\":270,\"caption\":\"Alpha Family Fitness in Wylie\"},\"image\":{\"@id\":\"https:\/\/alphafamilyfitness.com\/#\/schema\/logo\/image\/\"}}]}<\/script>\n<!-- \/ Yoast SEO plugin. -->","yoast_head_json":{"title":"Blog - Alpha Family Fitness in Wylie in Wylie","description":"Memberships available for \u200bBoxing , \u200bStrength & Conditioning, Personal Training and Family\/Group Classes. For details, Call: (214) 755-2574","robots":{"index":"index","follow":"follow","max-snippet":"max-snippet:-1","max-image-preview":"max-image-preview:large","max-video-preview":"max-video-preview:-1"},"canonical":"https:\/\/alphafamilyfitness.com\/es\/blog\/","og_locale":"es_MX","og_type":"article","og_title":"Blog - Alpha Family Fitness in Wylie in Wylie","og_description":"Memberships available for \u200bBoxing , \u200bStrength & Conditioning, Personal Training and Family\/Group Classes. For details, Call: (214) 755-2574","og_url":"https:\/\/alphafamilyfitness.com\/es\/blog\/","og_site_name":"Alpha Family Fitness in Wylie","article_modified_time":"2024-09-17T22:08:18+00:00","twitter_card":"summary_large_image","twitter_misc":{"Tiempo de lectura":"1 minuto"},"schema":{"@context":"https:\/\/schema.org","@graph":[{"@type":"WebPage","@id":"https:\/\/alphafamilyfitness.com\/blog\/","url":"https:\/\/alphafamilyfitness.com\/blog\/","name":"Blog - Alpha Family Fitness in Wylie in Wylie","isPartOf":{"@id":"https:\/\/alphafamilyfitness.com\/#website"},"datePublished":"2024-01-23T16:14:33+00:00","dateModified":"2024-09-17T22:08:18+00:00","description":"Memberships available for \u200bBoxing , \u200bStrength & Conditioning, Personal Training and Family\/Group Classes. For details, Call: (214) 755-2574","breadcrumb":{"@id":"https:\/\/alphafamilyfitness.com\/blog\/#breadcrumb"},"inLanguage":"es","potentialAction":[{"@type":"ReadAction","target":["https:\/\/alphafamilyfitness.com\/blog\/"]}]},{"@type":"BreadcrumbList","@id":"https:\/\/alphafamilyfitness.com\/blog\/#breadcrumb","itemListElement":[{"@type":"ListItem","position":1,"name":"Home","item":"https:\/\/alphafamilyfitness.com\/"},{"@type":"ListItem","position":2,"name":"Blog"}]},{"@type":"WebSite","@id":"https:\/\/alphafamilyfitness.com\/#website","url":"https:\/\/alphafamilyfitness.com\/","name":"Alpha Family Fitness in Wylie","description":"","publisher":{"@id":"https:\/\/alphafamilyfitness.com\/#organization"},"potentialAction":[{"@type":"SearchAction","target":{"@type":"EntryPoint","urlTemplate":"https:\/\/alphafamilyfitness.com\/?s={search_term_string}"},"query-input":{"@type":"PropertyValueSpecification","valueRequired":true,"valueName":"search_term_string"}}],"inLanguage":"es"},{"@type":"Organization","@id":"https:\/\/alphafamilyfitness.com\/#organization","name":"Alpha Family Fitness in Wylie","url":"https:\/\/alphafamilyfitness.com\/","logo":{"@type":"ImageObject","inLanguage":"es","@id":"https:\/\/alphafamilyfitness.com\/#\/schema\/logo\/image\/","url":"https:\/\/alphafamilyfitness.com\/wp-content\/uploads\/2024\/08\/cropped-alpha-family-fitness-logo-cropped.png","contentUrl":"https:\/\/alphafamilyfitness.com\/wp-content\/uploads\/2024\/08\/cropped-alpha-family-fitness-logo-cropped.png","width":303,"height":270,"caption":"Alpha Family Fitness in Wylie"},"image":{"@id":"https:\/\/alphafamilyfitness.com\/#\/schema\/logo\/image\/"}}]}},"_links":{"self":[{"href":"https:\/\/alphafamilyfitness.com\/es\/wp-json\/wp\/v2\/pages\/18080","targetHints":{"allow":["GET"]}}],"collection":[{"href":"https:\/\/alphafamilyfitness.com\/es\/wp-json\/wp\/v2\/pages"}],"about":[{"href":"https:\/\/alphafamilyfitness.com\/es\/wp-json\/wp\/v2\/types\/page"}],"author":[{"embeddable":true,"href":"https:\/\/alphafamilyfitness.com\/es\/wp-json\/wp\/v2\/users\/1"}],"replies":[{"embeddable":true,"href":"https:\/\/alphafamilyfitness.com\/es\/wp-json\/wp\/v2\/comments?post=18080"}],"version-history":[{"count":10,"href":"https:\/\/alphafamilyfitness.com\/es\/wp-json\/wp\/v2\/pages\/18080\/revisions"}],"predecessor-version":[{"id":18539,"href":"https:\/\/alphafamilyfitness.com\/es\/wp-json\/wp\/v2\/pages\/18080\/revisions\/18539"}],"wp:attachment":[{"href":"https:\/\/alphafamilyfitness.com\/es\/wp-json\/wp\/v2\/media?parent=18080"}],"curies":[{"name":"wp","href":"https:\/\/api.w.org\/{rel}","templated":true}]}}